{"id":21,"date":"2022-12-21T17:00:58","date_gmt":"2022-12-21T16:00:58","guid":{"rendered":"https:\/\/parking777.mx-hosting.pl\/?page_id=21"},"modified":"2025-03-21T17:56:29","modified_gmt":"2025-03-21T16:56:29","slug":"polityka-cookie","status":"publish","type":"page","link":"https:\/\/parking777.pl\/ua\/polityka-cookie\/","title":{"rendered":"\u041f\u043e\u043b\u0456\u0442\u0438\u043a\u0430 \u043a\u043e\u043d\u0444\u0456\u0434\u0435\u043d\u0446\u0456\u0439\u043d\u043e\u0441\u0442\u0456"},"content":{"rendered":"<h2 dir=\"ltr\">1. Informacje og\u00f3lne<\/h2>\n<p dir=\"ltr\">1.1. Operatorem strony\u00a0 <a href=\"http:\/\/www.parking777\">www.parking777<\/a>.<a href=\"https:\/\/premiereparking.pl\/\">pl<\/a> \u00a0 jest\u00a0 VOLODYMYR KORETSKYI ul.Postepu 30a Nowa Wola 05-500 , NIP: 5361927413 ,REGON: 524134019 oraz adres poczty <a href=\"mailto:elektronicznej%3Abiuro@parking777.pl\">elektronicznej:biuro@parking777.pl<\/a>\u00a0 , kt\u00f3ra ma na uwadze poszanowanie prywatno\u015bci u\u017cytkownik\u00f3w odwiedzaj\u0105cych t\u0105 stron\u0119.<\/p>\n<p dir=\"ltr\">1.2. W ramach funkcjonowania niniejszej strony pozyskiwane s\u0105 nast\u0119puj\u0105ce informacje o danych u\u017cytkownik\u00f3w oraz ich zachowaniach:<\/p>\n<p dir=\"ltr\">\u2014 zapisywanych w logach serwera WWW;<\/p>\n<p dir=\"ltr\">\u2014 zapisywanych w danych Google Analytics;<\/p>\n<p dir=\"ltr\">\u2014 zapisywanych w formularzach;<\/p>\n<p dir=\"ltr\">\u2014 zapisywanych w urz\u0105dzeniach ko\u0144cowych w ramach plik\u00f3w Cookies.<\/p>\n<p dir=\"ltr\">1.3. Twoje dane osobowe przetwarzamy w nast\u0119puj\u0105cych celach: informacyjne, statystyczno-analityczne, kontakt oraz w celu dokonania p\u0142atno\u015bci.<\/p>\n<h2 dir=\"ltr\">2. Administrator danych i jego dane kontaktowe<\/h2>\n<p dir=\"ltr\">2.1. We wszelkich sprawach zwi\u0105zanych z przetwarzaniem Twoich danych osobowych mo\u017cesz si\u0119 z nami skontaktowa\u0107:<\/p>\n<p dir=\"ltr\">\u2014 przesy\u0142aj\u0105c e mail na <a href=\"mailto:adres%3Abiuro@parking777.pl\">adres:biuro@parking777.pl<\/a><\/p>\n<p dir=\"ltr\">\u2014 pisemnie, poczt\u0105 tradycyjn\u0105 na adres: Parking777 ul.Post\u0119pu 30a 05-500 Nowa Wola \u00a0 \u00a0 \u00a0 \u00a0 \u00a0 \u00a0 \u00a0 \u00a0 \u00a0 \u00a0 \u00a0 \u00a0 \u00a0 \u00a0 \u00a0 \u00a0 \u00a0 \u00a0 \u00a0 \u00a0 \u00a0 \u00a0 \u00a0 \u00a0 \u00a0 \u00a0 \u00a0 \u00a0 \u00a0 \u00a0 \u00a0 \u00a0 \u00a0 \u00a0 \u00a0 \u00a0 3. Zakres odpowiedzialno\u015bci<\/p>\n<p dir=\"ltr\">3.1. Operator dba o publikowanie tre\u015bci w spos\u00f3b rzetelny, jednak\u017ce Operator nie odpowiada za skutki ewentualnego wykorzystywania tych tre\u015bci przez u\u017cytkownik\u00f3w lub osoby trzecie bez naruszenia w jakiejkolwiek cz\u0119\u015bci niniejszej polityki.<\/p>\n<p dir=\"ltr\">3.2. Strona zawiera odno\u015bniki do innych stron prowadzonych przez innych operator\u00f3w. Operator nie odpowiada r\u00f3wnie\u017c za tre\u015b\u0107 oraz polityk\u0119 prywatno\u015bci linkowanych stron prowadzonych przez innych operator\u00f3w. Operator zaleca ka\u017cdorazowe zapoznanie si\u0119 z polityk\u0105 prywatno\u015bci po przej\u015bciu do linkowanej strony.<\/p>\n<h2 dir=\"ltr\">4. Gromadzenie danych<\/h2>\n<p dir=\"ltr\">4.1. W plikach log\u00f3w serwera WWW, o ile to technicznie mo\u017cliwe, przechowywane s\u0105 nast\u0119puj\u0105ce informacje:<\/p>\n<p dir=\"ltr\">1) adres IP<\/p>\n<p dir=\"ltr\">2) nazwa stacji klienta<\/p>\n<p dir=\"ltr\">3) czas nadej\u015bcia zapytania,<\/p>\n<p dir=\"ltr\">4) pierwszy wiersz \u017c\u0105dania http,<\/p>\n<p dir=\"ltr\">5) czas wys\u0142ania odpowiedzi,<\/p>\n<p dir=\"ltr\">6) kod odpowiedzi HTTP,<\/p>\n<p dir=\"ltr\">7) nazw\u0119 stacji klienta identyfikowanej na podstawie protoko\u0142u HTTP, w przypadku gdy jest to mo\u017cliwe,<\/p>\n<p dir=\"ltr\">8) informacje o b\u0142\u0119dach jakie nast\u0105pi\u0142y przy realizacji transakcji HTTP,<\/p>\n<p dir=\"ltr\">9) adres URL strony poprzednio przegl\u0105danej przez u\u017cytkownika w przypadku skierowania na Stron\u0119 poprzez odno\u015bnik,<\/p>\n<p dir=\"ltr\">10) informacje o przegl\u0105darce u\u017cytkownika,<\/p>\n<p dir=\"ltr\">11) liczba wys\u0142anych przez serwer bajt\u00f3w,<\/p>\n<p dir=\"ltr\">12) inne dane techniczne o anonimowym charakterze,<\/p>\n<ol>\n<li dir=\"ltr\">\n<p dir=\"ltr\" role=\"presentation\">Powy\u017csze dane nie s\u0105 kojarzone z konkretnymi osobami przegl\u0105daj\u0105cymi Stron\u0119.<\/p>\n<\/li>\n<li dir=\"ltr\">\n<p dir=\"ltr\" role=\"presentation\">Dane powy\u017csze s\u0105 przechowywane przez czas wymagany przez ustawodawstwo i ewentualnie wykorzystywane jedynie dla cel\u00f3w administrowania Stron\u0105 oraz cel\u00f3w statystycznych.<\/p>\n<\/li>\n<\/ol>\n<h2 dir=\"ltr\">5. Formularze<\/h2>\n<p dir=\"ltr\">5.1. Strona zbiera odpowiednie informacje podane dobrowolnie przez u\u017cytkownika w formularzach takie jak: imi\u0119, nazwisko, adres e-mail, kod pocztowy, miejscowo\u015b\u0107, kraj, us\u0142uga, data, telefon kontaktowy.<\/p>\n<p dir=\"ltr\">5.2. W przypadku gdy dane, o kt\u00f3rych mowa w ust. 1 pozwalaj\u0105 na identyfikacj\u0119 osoby fizycznej to dane te s\u0105 przetwarzane zgodnie z obowi\u0105zuj\u0105c\u0105 polityk\u0105 ochrony danych osobowych Operatora. Jednocze\u015bnie ka\u017cdy u\u017cytkownik przed wys\u0142aniem formularza musi ka\u017cdorazowo zaznaczy\u0107, i\u017c otrzyma\u0142 od Operatora informacje w zakresie ochrony danych osobowych lub podstronie konkretnego programu\/zbi\u00f3rki. Operator archiwizuje o\u015bwiadczenie o otrzymaniu tych informacji.<\/p>\n<h2 dir=\"ltr\">6. Pliki Cookies<\/h2>\n<p dir=\"ltr\">6.1. Strona korzysta z plik\u00f3w Cookies, kt\u00f3re nie s\u0105 wykorzystywane do pozyskiwania jakichkolwiek informacji o u\u017cytkownikach Strony ani \u015bledzenia ich nawigacji.<\/p>\n<p dir=\"ltr\">6.2. Pliki Cookies zawieraj\u0105 nazw\u0119 Strony, czas przechowywania ich na urz\u0105dzeniu ko\u0144cowym, unikalny numer . Dane te nie s\u0105 kojarzone z konkretnymi osobami przegl\u0105daj\u0105cymi strony.<\/p>\n<p dir=\"ltr\">6.3. Pliki Cookies nie przechowuj\u0105 \u017cadnych danych osobowych u\u017cytkownik\u00f3w.<\/p>\n<p dir=\"ltr\">6.4. Pliki Cookies wykorzystywane s\u0105 w celach statystycznych oraz utrzymania sesji u\u017cytkownika.<\/p>\n<p dir=\"ltr\">6.5. Pliki Cookies dziel\u0105 si\u0119 na sesyjne, kt\u00f3re s\u0105 przechowywane w urz\u0105dzeniu u\u017cytkownika do czasu wylogowania lub opuszczenia strony oraz sta\u0142e, kt\u00f3re s\u0105 przechowywane na urz\u0105dzeniu u\u017cytkownika do czasu ich usuni\u0119cia przez u\u017cytkownika lub zgodnie z parametrami tych plik\u00f3w.<\/p>\n<p dir=\"ltr\">6.6. U\u017cytkownicy mog\u0105 zablokowa\u0107 przechowywanie plik\u00f3w Cookies poprzez odpowiedni\u0105 konfiguracj\u0119 swojej przegl\u0105darki internetowej. Przydatna w tym zakresie mo\u017ce by\u0107 opcja Pomoc, kt\u00f3ra mo\u017ce znajdowa\u0107 w danej przegl\u0105darce u\u017cytkownika.<\/p>\n<h2 dir=\"ltr\">7. Udost\u0119pnienie i powierzenie przetwarzania danych<\/h2>\n<p dir=\"ltr\">7.1. Udost\u0119pnianie jakichkolwiek danych jest mo\u017cliwe w granicach prawa powszechnie obowi\u0105zuj\u0105cego lub w przypadku wyra\u017cenia zgody konkretnej osoby.<\/p>\n<p dir=\"ltr\">7.2. Powierzenie przetwarzania danych osobowych mo\u017ce si\u0119 odbywa\u0107 na podstawie um\u00f3w Operatora z podmiotami trzecimi zawieranymi na podstawie prawa powszechnie obowi\u0105zuj\u0105cego.<\/p>\n<p dir=\"ltr\">7.3. Korzystanie ze Strony oznacza akceptacj\u0119 wszystkich wymienionych powy\u017cej zasad.<\/p>\n","protected":false},"excerpt":{"rendered":"<p>1. Informacje og\u00f3lne 1.1. Operatorem strony\u00a0 www.parking777.pl \u00a0 jest\u00a0 VOLODYMYR KORETSKYI ul.Postepu 30a Nowa Wola 05-500 , NIP: 5361927413 ,REGON: 524134019 oraz adres poczty elektronicznej:biuro@parking777.pl\u00a0 , kt\u00f3ra ma na uwadze poszanowanie prywatno\u015bci u\u017cytkownik\u00f3w odwiedzaj\u0105cych t\u0105 stron\u0119. 1.2. W ramach funkcjonowania niniejszej strony pozyskiwane s\u0105 nast\u0119puj\u0105ce informacje o danych u\u017cytkownik\u00f3w oraz ich zachowaniach: \u2014 zapisywanych w [&hellip;]<\/p>\n","protected":false},"author":1,"featured_media":0,"parent":0,"menu_order":0,"comment_status":"closed","ping_status":"closed","template":"","meta":{"inline_featured_image":false,"footnotes":""},"class_list":["post-21","page","type-page","status-publish","hentry"],"acf":[],"aioseo_notices":[],"_links":{"self":[{"href":"https:\/\/parking777.pl\/ua\/wp-json\/wp\/v2\/pages\/21","targetHints":{"allow":["GET"]}}],"collection":[{"href":"https:\/\/parking777.pl\/ua\/wp-json\/wp\/v2\/pages"}],"about":[{"href":"https:\/\/parking777.pl\/ua\/wp-json\/wp\/v2\/types\/page"}],"author":[{"embeddable":true,"href":"https:\/\/parking777.pl\/ua\/wp-json\/wp\/v2\/users\/1"}],"replies":[{"embeddable":true,"href":"https:\/\/parking777.pl\/ua\/wp-json\/wp\/v2\/comments?post=21"}],"version-history":[{"count":4,"href":"https:\/\/parking777.pl\/ua\/wp-json\/wp\/v2\/pages\/21\/revisions"}],"predecessor-version":[{"id":430,"href":"https:\/\/parking777.pl\/ua\/wp-json\/wp\/v2\/pages\/21\/revisions\/430"}],"wp:attachment":[{"href":"https:\/\/parking777.pl\/ua\/wp-json\/wp\/v2\/media?parent=21"}],"curies":[{"name":"wp","href":"https:\/\/api.w.org\/{rel}","templated":true}]}}