{"id":223,"date":"2023-07-06T13:42:43","date_gmt":"2023-07-06T11:42:43","guid":{"rendered":"https:\/\/parking777.pl\/?page_id=223"},"modified":"2025-04-13T19:38:25","modified_gmt":"2025-04-13T17:38:25","slug":"parking-dlugoterminowy-warszawa-okecie","status":"publish","type":"page","link":"https:\/\/parking777.pl\/ua\/parking-dlugoterminowy-warszawa-okecie\/","title":{"rendered":"\u0414\u043e\u0432\u0433\u043e\u0441\u0442\u0440\u043e\u043a\u043e\u0432\u0430 \u043f\u0430\u0440\u043a\u043e\u0432\u043a\u0430 \u0412\u0430\u0440\u0448\u0430\u0432\u0430 \u041e\u043a\u0435\u043d\u0446\u0435"},"content":{"rendered":"<p><span style=\"font-weight: 400;\">Zapraszamy do skorzystania z naszej oferty <\/span><b>parkingu d\u0142ugoterminowego przy lotnisku Warszawa Ok\u0119cie<\/b><span style=\"font-weight: 400;\">. Nasz parking to gwarancja bezpiecze\u0144stwa i wygody dla Twojego samochodu podczas Twojej nieobecno\u015bci. Z nami, Tw\u00f3j samoch\u00f3d jest zawsze w dobrych r\u0119kach. Nasz do\u015bwiadczony personel dba o bezpiecze\u0144stwo pojazd\u00f3w 24 godziny na dob\u0119, 7 dni w tygodniu.<\/span><\/p>\n<h2><b>\u015awietna lokalizacja naszego parkingu<\/b><\/h2>\n<p><span style=\"font-weight: 400;\">Nasz <\/span><b>parking d\u0142ugoterminowy przy lotnisku Warszawa Ok\u0119cie<\/b><span style=\"font-weight: 400;\"> oferuje \u015bwietn\u0105 lokalizacj\u0119, kt\u00f3ra jest idealna dla podr\u00f3\u017cuj\u0105cych samochodem z r\u00f3\u017cnych miast, takich jak Radom, Kielce, Krak\u00f3w i nie tylko. Dzi\u0119ki szybkiemu i bezp\u0142atnemu dojazdowi firmowym busem z naszego parkingu na lotnisko autostrad\u0105, czas podr\u00f3\u017cy wynosi zaledwie 7 minut, a Ty unikasz kork\u00f3w i \u015bwiate\u0142 drogowych. To znacznie u\u0142atwia i skraca czas dojazdu, szczeg\u00f3lnie je\u015bli nie musisz wje\u017cd\u017ca\u0107 do zat\u0142oczonego miasta Warszawa.<\/span><\/p>\n<p>&nbsp;<\/p>\n<p><span style=\"font-weight: 400;\">Dzi\u0119ki dogodnej lokalizacji, nasz parking jest \u0142atwo dost\u0119pny z g\u0142\u00f3wnych dr\u00f3g i autostrad, umo\u017cliwiaj\u0105c wygodny dojazd dla podr\u00f3\u017cuj\u0105cych z r\u00f3\u017cnych region\u00f3w. Nie musisz obawia\u0107 si\u0119 wjazdu do zat\u0142oczonego miasta Warszawy, poniewa\u017c nasz parking znajduje si\u0119 w strategicznym miejscu, umo\u017cliwiaj\u0105cym bezproblemowy dojazd.<\/span><\/p>\n<h2><b>Parking d\u0142ugoterminowy Lotnisko Chopina<\/b><\/h2>\n<p><span style=\"font-weight: 400;\">Nasz <\/span><b>parking d\u0142ugoterminowy<\/b><span style=\"font-weight: 400;\"> jest idealnie zlokalizowany w pobli\u017cu <\/span><b>Lotniska Chopina w Warszawie<\/b><span style=\"font-weight: 400;\">. Oferujemy profesjonaln\u0105 obs\u0142ug\u0119, bezp\u0142atny transfer na lotnisko, a tak\u017ce atrakcyjne rabaty dla nowych i sta\u0142ych klient\u00f3w. Dzi\u0119ki doskona\u0142ej lokalizacji, dojazd na lotnisko odbywa si\u0119 drog\u0105 bez \u015bwiate\u0142 i kork\u00f3w. Nasz parking to idealne rozwi\u0105zanie dla os\u00f3b, kt\u00f3re ceni\u0105 sobie komfort i oszcz\u0119dno\u015b\u0107 czasu.<\/span><\/p>\n<h2><b>Ok\u0119cie parking d\u0142ugoterminowy cena<\/b><\/h2>\n<p><span style=\"font-weight: 400;\">Nasza oferta cenowa jest atrakcyjna i konkurencyjna. Poni\u017cej przedstawiamy cennik naszego <\/span><b>parkingu d\u0142ugoterminowego<\/b><span style=\"font-weight: 400;\">:<\/span><\/p>\n<div class=\"price-wrap section-md\">\n                <div class=\"price-left\">\n                    <h2 class=\"price-title\">\u041d\u0430\u0439\u0434\u0435\u0448\u0435\u0432\u0448\u0456<br \/>\r\n\u0443 \u0412\u0430\u0440\u0448\u0430\u0432\u0456!<\/h2>\n                    <p class=\"price-description\">\u0411\u0435\u0437\u043a\u043e\u0448\u0442\u043e\u0432\u043d\u0438\u0439 \u0442\u0440\u0430\u043d\u0441\u0444\u0435\u0440 \u0437\/\u0434\u043e \u0430\u0435\u0440\u043e\u043f\u043e\u0440\u0442\u0443!<\/p>\n                <\/div>\n                <div class=\"price-right\">\n                    <div class=\"price-items\" id=\"price-items\">\n                        <!-- Ajax Days -->\n                    <\/div>\n                    <div class=\"price-bottom\">\n                        <div class=\"price-btn\"><a class=\"btn btn-secondary\" href=\"#reservationsModal\" target=\"_self\">\u0417\u0430\u0431\u0440\u043e\u043d\u044e\u0432\u0430\u0442\u0438<\/a><\/div>\n                        <p class=\"price-bottom-description\">\u0426\u0456\u043d\u0430 \u0434\u0456\u0439\u0441\u043d\u0430<br \/>\r\n\u0434\u043b\u044f \u0434\u043e 4 \u043e\u0441\u0456\u0431\/\u0430\u0432\u0442\u043e\u043c\u043e\u0431\u0456\u043b\u044f<br \/>\r\n\u0410\u043a\u0446\u0456\u0457 \u0442\u0430 \u0437\u043d\u0438\u0436\u043a\u0438 \u043d\u0435 \u0441\u0443\u043c\u0443\u044e\u0442\u044c\u0441\u044f.<\/p>\n                    <\/div>\n                <\/div>\n                <div class=\"price-image\"><img loading=\"lazy\" decoding=\"async\" src=\"https:\/\/parking777.pl\/wp-content\/uploads\/2023\/02\/1-3.png\" width=\"412\" height=\"206\" alt=\"\"><\/div>\n            <\/div>\n<p>&nbsp;<\/p>\n<p><span style=\"font-weight: 400;\">Nasze ceny s\u0105 transparentne i bez ukrytych op\u0142at. W cenie zawarty jest r\u00f3wnie\u017c bezp\u0142atny transfer na lotnisko.<\/span><\/p>\n<h2><b>Tani i bezpieczny parking przy Ok\u0119ciu<\/b><\/h2>\n<p><span style=\"font-weight: 400;\">Nasz <\/span><b>parking przy Ok\u0119ciu<\/b><span style=\"font-weight: 400;\"> to gwarancja bezpiecze\u0144stwa dla Twojego samochodu. Parking jest ogrodzony, monitorowany ca\u0142\u0105 dob\u0119, co zapewnia najwy\u017cszy poziom bezpiecze\u0144stwa. Oferujemy r\u00f3wnie\u017c atrakcyjne ceny, kt\u00f3re czyni\u0105 nasz\u0105 ofert\u0119 jedn\u0105 z najbardziej konkurencyjnych na rynku. Nasz parking to idealne miejsce dla os\u00f3b, kt\u00f3re szukaj\u0105 <\/span><b>taniego i bezpiecznego miejsca<\/b><span style=\"font-weight: 400;\"> na swoje auto podczas podr\u00f3\u017cy.<\/span><\/p>\n<h2><b>Transport z parkingu na lotnisko<\/b><\/h2>\n<p><span style=\"font-weight: 400;\">Zapewniamy <\/span><b>bezp\u0142atny transfer z parkingu na lotnisko<\/b><span style=\"font-weight: 400;\">. Dzi\u0119ki doskona\u0142ej lokalizacji, dojazd na lotnisko jest szybki i bezproblemowy. Nasz profesjonalny personel zapewnia bezpieczny i komfortowy transport, dzi\u0119ki czemu mo\u017cesz zrelaksowa\u0107 si\u0119 przed nadchodz\u0105c\u0105 podr\u00f3\u017c\u0105. Nie musisz si\u0119 martwi\u0107 o dodatkowe koszty czy problem z dojazdem &#8211; my zadbamy o wszystko za Ciebie. Zapraszamy do skorzystania z naszej oferty!<\/span><\/p>\n<h2><b>Nie czekaj do ostatniej chwili, zarezerwuj parking ju\u017c teraz!<\/b><\/h2>\n<p><span style=\"font-weight: 400;\">Planowanie jest kluczem do spokojnej podr\u00f3\u017cy. Dlatego zach\u0119camy do wcze\u015bniejszej <\/span><b>rezerwacji miejsca na naszym parkingu d\u0142ugoterminowym<\/b><span style=\"font-weight: 400;\">. Dzi\u0119ki temu masz pewno\u015b\u0107, \u017ce Tw\u00f3j samoch\u00f3d b\u0119dzie bezpieczny podczas Twojej nieobecno\u015bci. Nie czekaj do ostatniej chwili, <\/span><b>zarezerwuj parking ju\u017c teraz<\/b><span style=\"font-weight: 400;\">! Nasz proces rezerwacji jest prosty i szybki, co pozwoli Ci skupi\u0107 si\u0119 na przygotowaniach do podr\u00f3\u017cy. Zadbaj o sw\u00f3j spok\u00f3j i bezpiecze\u0144stwo swojego samochodu ju\u017c dzi\u015b!<\/span><\/p>\n<p>&nbsp;<\/p>","protected":false},"excerpt":{"rendered":"<p>Zapraszamy do skorzystania z naszej oferty parkingu d\u0142ugoterminowego przy lotnisku Warszawa Ok\u0119cie. Nasz parking to gwarancja bezpiecze\u0144stwa i wygody dla Twojego samochodu podczas Twojej nieobecno\u015bci. Z nami, Tw\u00f3j samoch\u00f3d jest zawsze w dobrych r\u0119kach. Nasz do\u015bwiadczony personel dba o bezpiecze\u0144stwo pojazd\u00f3w 24 godziny na dob\u0119, 7 dni w tygodniu. \u015awietna lokalizacja naszego parkingu Nasz parking [&hellip;]<\/p>\n","protected":false},"author":3,"featured_media":0,"parent":0,"menu_order":0,"comment_status":"closed","ping_status":"closed","template":"","meta":{"inline_featured_image":false,"footnotes":""},"class_list":["post-223","page","type-page","status-publish","hentry"],"acf":[],"aioseo_notices":[],"_links":{"self":[{"href":"https:\/\/parking777.pl\/ua\/wp-json\/wp\/v2\/pages\/223","targetHints":{"allow":["GET"]}}],"collection":[{"href":"https:\/\/parking777.pl\/ua\/wp-json\/wp\/v2\/pages"}],"about":[{"href":"https:\/\/parking777.pl\/ua\/wp-json\/wp\/v2\/types\/page"}],"author":[{"embeddable":true,"href":"https:\/\/parking777.pl\/ua\/wp-json\/wp\/v2\/users\/3"}],"replies":[{"embeddable":true,"href":"https:\/\/parking777.pl\/ua\/wp-json\/wp\/v2\/comments?post=223"}],"version-history":[{"count":12,"href":"https:\/\/parking777.pl\/ua\/wp-json\/wp\/v2\/pages\/223\/revisions"}],"predecessor-version":[{"id":434,"href":"https:\/\/parking777.pl\/ua\/wp-json\/wp\/v2\/pages\/223\/revisions\/434"}],"wp:attachment":[{"href":"https:\/\/parking777.pl\/ua\/wp-json\/wp\/v2\/media?parent=223"}],"curies":[{"name":"wp","href":"https:\/\/api.w.org\/{rel}","templated":true}]}}